{"id":1566,"date":"2023-08-14T08:37:48","date_gmt":"2023-08-14T06:37:48","guid":{"rendered":"https:\/\/andalusische-pferde.ch\/?post_type=product&#038;p=1566"},"modified":"2023-08-18T19:43:48","modified_gmt":"2023-08-18T17:43:48","slug":"rocera","status":"publish","type":"product","link":"https:\/\/andalusische-pferde.ch\/en\/product\/rocera\/","title":{"rendered":"Rocera"},"content":{"rendered":"<p>Rocera, geboren 2018, ist eine 5-j\u00e4hrige, 148 cm gro\u00dfe Rapp-Stute, die ein beeindruckendes Kreuz aus 50 % PRE und Araber in sich tr\u00e4gt. Mit ihrer Grundausbildung und zus\u00e4tzlichen Dressurkenntnissen zeigt sie sich als sehr gut gerittenes Pferd, das problemlos auch allein ins Gel\u00e4nde geht. Ihre Eleganz und feine Statur, gepaart mit ihrem edlen Charakter und Klarheit im Kopf, machen sie zu einer verkehrssicheren und stra\u00dfensicheren Partnerin. Sie ist ein kleiner Schatz, in den man sich sofort verliebt und der in der Preiskategorie A angesiedelt ist.<\/p>","protected":false},"excerpt":{"rendered":"<p>Eine sehr elegante, feine Stute, die edel und klar im Kopf ist. Sie ist sehr gut geritten, geht problemlos auch allein ins Gel\u00e4nde und ist verkehrs- sowie stra\u00dfensicher. Ein kleiner Schatz, in den man sich sofort verliebt.<\/p>","protected":false},"featured_media":1584,"template":"","meta":[],"product_cat":[15],"product_tag":[],"class_list":["post-1566","product","type-product","status-publish","has-post-thumbnail","hentry","product_cat-allhorses","pa_alter-73","pa_ausbildung-dresurausbildung","pa_ausbildung-grundausbildung","pa_farbe-rappe","pa_kategorie-stute","pa_pferderasse-araber","pa_pferderasse-cruzado","pa_preiskategorie-36"],"_links":{"self":[{"href":"https:\/\/andalusische-pferde.ch\/en\/wp-json\/wp\/v2\/product\/1566","targetHints":{"allow":["GET"]}}],"collection":[{"href":"https:\/\/andalusische-pferde.ch\/en\/wp-json\/wp\/v2\/product"}],"about":[{"href":"https:\/\/andalusische-pferde.ch\/en\/wp-json\/wp\/v2\/types\/product"}],"wp:featuredmedia":[{"embeddable":true,"href":"https:\/\/andalusische-pferde.ch\/en\/wp-json\/wp\/v2\/media\/1584"}],"wp:attachment":[{"href":"https:\/\/andalusische-pferde.ch\/en\/wp-json\/wp\/v2\/media?parent=1566"}],"wp:term":[{"taxonomy":"product_cat","embeddable":true,"href":"https:\/\/andalusische-pferde.ch\/en\/wp-json\/wp\/v2\/product_cat?post=1566"},{"taxonomy":"product_tag","embeddable":true,"href":"https:\/\/andalusische-pferde.ch\/en\/wp-json\/wp\/v2\/product_tag?post=1566"}],"curies":[{"name":"wp","href":"https:\/\/api.w.org\/{rel}","templated":true}]}}